{"id":7549,"date":"2021-01-09T14:05:55","date_gmt":"2021-01-09T14:05:55","guid":{"rendered":"https:\/\/the-weeknd.store\/?page_id=7549"},"modified":"2021-01-09T14:05:55","modified_gmt":"2021-01-09T14:05:55","slug":"personalized-order-confirmation","status":"publish","type":"page","link":"https:\/\/the-weeknd.store\/vi\/ca-nhan-hoa-don-dat-hang-xac-nhan\/","title":{"rendered":"X\u00e1c nh\u1eadn \u0111\u01a1n h\u00e0ng \u0111\u01b0\u1ee3c c\u00e1 nh\u00e2n h\u00f3a"},"content":{"rendered":"<p>K\u00ednh th\u01b0a kh\u00e1ch h\u00e0ng,<br \/>\nCh\u00fang t\u00f4i \u0111\u00e3 nh\u1eadn \u0111\u01b0\u1ee3c \u0111\u01a1n \u0111\u1eb7t h\u00e0ng c\u1ee7a b\u1ea1n, vui l\u00f2ng \u0111\u1ee3i t\u1eeb 12-24h \u0111\u1ec3 email c\u1ee7a ch\u00fang t\u00f4i th\u1ef1c hi\u1ec7n c\u00e1c b\u01b0\u1edbc ti\u1ebfp theo.<br \/>\nC\u1ea3m \u01a1n b\u1ea1n v\u00e0 ch\u00fac b\u1ea1n nh\u1eefng \u0111i\u1ec1u t\u1ed1t \u0111\u1eb9p nh\u1ea5t<\/p>","protected":false},"excerpt":{"rendered":"<p>K\u00ednh g\u1eedi qu\u00fd kh\u00e1ch h\u00e0ng, Ch\u00fang t\u00f4i \u0111\u00e3 nh\u1eadn \u0111\u01b0\u1ee3c \u0111\u01a1n \u0111\u1eb7t h\u00e0ng c\u1ee7a qu\u00fd kh\u00e1ch, vui l\u00f2ng \u0111\u1ee3i t\u1eeb 12-24h gi\u1edd email c\u1ee7a ch\u00fang t\u00f4i \u0111\u1ec3 th\u1ef1c hi\u1ec7n c\u00e1c b\u01b0\u1edbc ti\u1ebfp theo. C\u1ea3m \u01a1n b\u1ea1n v\u00e0 ch\u00fac b\u1ea1n nh\u1eefng \u0111i\u1ec1u t\u1ed1t \u0111\u1eb9p nh\u1ea5t<\/p>","protected":false},"author":1,"featured_media":0,"parent":0,"menu_order":0,"comment_status":"closed","ping_status":"closed","template":"","meta":{"_acf_changed":false,"footnotes":""},"class_list":null,"acf":[],"_links":{"self":[{"href":"https:\/\/the-weeknd.store\/vi\/wp-json\/wp\/v2\/pages\/7549","targetHints":{"allow":["GET"]}}],"collection":[{"href":"https:\/\/the-weeknd.store\/vi\/wp-json\/wp\/v2\/pages"}],"about":[{"href":"https:\/\/the-weeknd.store\/vi\/wp-json\/wp\/v2\/types\/page"}],"author":[{"embeddable":true,"href":"https:\/\/the-weeknd.store\/vi\/wp-json\/wp\/v2\/users\/1"}],"replies":[{"embeddable":true,"href":"https:\/\/the-weeknd.store\/vi\/wp-json\/wp\/v2\/comments?post=7549"}],"version-history":[{"count":0,"href":"https:\/\/the-weeknd.store\/vi\/wp-json\/wp\/v2\/pages\/7549\/revisions"}],"wp:attachment":[{"href":"https:\/\/the-weeknd.store\/vi\/wp-json\/wp\/v2\/media?parent=7549"}],"curies":[{"name":"wp","href":"https:\/\/api.w.org\/{rel}","templated":true}]}}