{"id":6968,"date":"2020-11-18T04:28:47","date_gmt":"2020-11-18T04:28:47","guid":{"rendered":"https:\/\/the-weeknd.store\/?page_id=6968"},"modified":"2021-07-02T03:40:57","modified_gmt":"2021-07-02T03:40:57","slug":"wholesale","status":"publish","type":"page","link":"https:\/\/the-weeknd.store\/vi\/ban-si\/","title":{"rendered":"B\u00e1n s\u1ec9"},"content":{"rendered":"<div data-elementor-type=\"wp-page\" data-elementor-id=\"6968\" class=\"elementor elementor-6968\" data-elementor-post-type=\"page\">\n\t\t\t\t\t\t<section class=\"elementor-section elementor-top-section elementor-element elementor-element-91936cb elementor-section-boxed elementor-section-height-default elementor-section-height-default\" data-id=\"91936cb\" data-element_type=\"section\">\n\t\t\t\t\t\t<div class=\"elementor-container elementor-column-gap-default\">\n\t\t\t\t\t<div class=\"elementor-column elementor-col-100 elementor-top-column elementor-element elementor-element-cf9304a\" data-id=\"cf9304a\" data-element_type=\"column\">\n\t\t\t<div class=\"elementor-widget-wrap elementor-element-populated\">\n\t\t\t\t\t\t<div class=\"elementor-element elementor-element-34ccead elementor-widget elementor-widget-heading\" data-id=\"34ccead\" data-element_type=\"widget\" data-widget_type=\"heading.default\">\n\t\t\t\t<div class=\"elementor-widget-container\">\n\t\t\t\t\t<h2 class=\"elementor-heading-title elementor-size-default\">Mua s\u1ec9 \/ s\u1ed1 l\u01b0\u1ee3ng l\u1edbn<\/h2>\t\t\t\t<\/div>\n\t\t\t\t<\/div>\n\t\t\t\t<div class=\"elementor-element elementor-element-811cf0f elementor-widget elementor-widget-text-editor\" data-id=\"811cf0f\" data-element_type=\"widget\" data-widget_type=\"text-editor.default\">\n\t\t\t\t<div class=\"elementor-widget-container\">\n\t\t\t\t\t\t\t\t\t<p>V\u1eady b\u1ea1n quan t\u00e2m \u0111\u1ebfn s\u1ea3n ph\u1ea9m c\u1ee7a ch\u00fang t\u00f4i v\u00e0 s\u1eb5n s\u00e0ng tr\u1edf th\u00e0nh nh\u00e0 ph\u00e2n ph\u1ed1i? Tuy\u1ec7t qu\u00e1! N\u1ebfu t\u1ed5 ch\u1ee9c, c\u00f4ng ty ho\u1eb7c nh\u00f3m c\u1ee7a b\u1ea1n \u0111ang mu\u1ed1n mua h\u00e0ng t\u1eeb ch\u00fang t\u00f4i v\u1edbi s\u1ed1 l\u01b0\u1ee3ng l\u1edbn, ch\u00fang t\u00f4i s\u1eb5n s\u00e0ng tr\u1ee3 gi\u00fap! T\u1ea5t nhi\u00ean, c\u00e1 nh\u00e2n c\u0169ng c\u00f3 th\u1ec3 mua v\u1edbi s\u1ed1 l\u01b0\u1ee3ng l\u1edbn.<\/p>\t\t\t\t\t\t\t\t<\/div>\n\t\t\t\t<\/div>\n\t\t\t\t\t<\/div>\n\t\t<\/div>\n\t\t\t\t\t<\/div>\n\t\t<\/section>\n\t\t\t\t<section class=\"elementor-section elementor-top-section elementor-element elementor-element-36a6187 elementor-section-boxed elementor-section-height-default elementor-section-height-default\" data-id=\"36a6187\" data-element_type=\"section\">\n\t\t\t\t\t\t<div class=\"elementor-container elementor-column-gap-default\">\n\t\t\t\t\t<div class=\"elementor-column elementor-col-100 elementor-top-column elementor-element elementor-element-8a40b66\" data-id=\"8a40b66\" data-element_type=\"column\">\n\t\t\t<div class=\"elementor-widget-wrap elementor-element-populated\">\n\t\t\t\t\t\t<div class=\"elementor-element elementor-element-a51a2a3 elementor-widget elementor-widget-heading\" data-id=\"a51a2a3\" data-element_type=\"widget\" data-widget_type=\"heading.default\">\n\t\t\t\t<div class=\"elementor-widget-container\">\n\t\t\t\t\t<h2 class=\"elementor-heading-title elementor-size-default\"><h2 style=\"font-size: 28px;font-family: Inter;font-weight: 600;white-space: normal\">Y\u00eau c\u1ea7u \u0111\u1eb7t h\u00e0ng t\u1ed1i thi\u1ec3u<\/h2><\/h2>\t\t\t\t<\/div>\n\t\t\t\t<\/div>\n\t\t\t\t<div class=\"elementor-element elementor-element-0605785 elementor-widget elementor-widget-text-editor\" data-id=\"0605785\" data-element_type=\"widget\" data-widget_type=\"text-editor.default\">\n\t\t\t\t<div class=\"elementor-widget-container\">\n\t\t\t\t\t\t\t\t\t<p>MOQ l\u00e0\u00a0<strong>\u00edt nh\u1ea5t 50 s\u1ea3n ph\u1ea9m<\/strong>\u00a0\u0111\u1ec3 \u0111\u1ee7 \u0111i\u1ec1u ki\u1ec7n cho gi\u00e1 h\u00e0ng lo\u1ea1t c\u1ee7a ch\u00fang t\u00f4i. B\u1ea1n c\u00f3 th\u1ec3 ch\u1ecdn nhi\u1ec1u s\u1ea3n ph\u1ea9m nh\u01b0 b\u1ea1n mu\u1ed1n v\u00e0 k\u1ebft h\u1ee3p ch\u00fang theo th\u1ee9 t\u1ef1 c\u1ee7a b\u1ea1n.<\/p><p>Ngo\u00e0i ra, t\u1ea5t c\u1ea3 c\u00e1c \u0111\u01a1n \u0111\u1eb7t h\u00e0ng s\u1ed1 l\u01b0\u1ee3ng l\u1edbn l\u00e0 cu\u1ed1i c\u00f9ng. Kh\u00f4ng cho ph\u00e9p tr\u1ea3 l\u1ea1i ho\u1eb7c ho\u00e0n l\u1ea1i ti\u1ec1n cho c\u00e1c \u0111\u01a1n \u0111\u1eb7t h\u00e0ng s\u1ed1 l\u01b0\u1ee3ng l\u1edbn.<\/p>\t\t\t\t\t\t\t\t<\/div>\n\t\t\t\t<\/div>\n\t\t\t\t\t<\/div>\n\t\t<\/div>\n\t\t\t\t\t<\/div>\n\t\t<\/section>\n\t\t\t\t<section class=\"elementor-section elementor-top-section elementor-element elementor-element-b21581b elementor-section-boxed elementor-section-height-default elementor-section-height-default\" data-id=\"b21581b\" data-element_type=\"section\">\n\t\t\t\t\t\t<div class=\"elementor-container elementor-column-gap-default\">\n\t\t\t\t\t<div class=\"elementor-column elementor-col-100 elementor-top-column elementor-element elementor-element-ec15319\" data-id=\"ec15319\" data-element_type=\"column\">\n\t\t\t<div class=\"elementor-widget-wrap elementor-element-populated\">\n\t\t\t\t\t\t<div class=\"elementor-element elementor-element-d1948d1 elementor-widget elementor-widget-heading\" data-id=\"d1948d1\" data-element_type=\"widget\" data-widget_type=\"heading.default\">\n\t\t\t\t<div class=\"elementor-widget-container\">\n\t\t\t\t\t<h2 class=\"elementor-heading-title elementor-size-default\"><h2 style=\"font-size: 28px;font-family: Inter;font-weight: 600;white-space: normal\">S\u1eb5n s\u00e0ng cho b\u01b0\u1edbc ti\u1ebfp theo ch\u01b0a?<\/h2><\/h2>\t\t\t\t<\/div>\n\t\t\t\t<\/div>\n\t\t\t\t<div class=\"elementor-element elementor-element-0b91786 elementor-widget elementor-widget-text-editor\" data-id=\"0b91786\" data-element_type=\"widget\" data-widget_type=\"text-editor.default\">\n\t\t\t\t<div class=\"elementor-widget-container\">\n\t\t\t\t\t\t\t\t\t<p>\u0110i\u1ec1n v\u00e0o bi\u1ec3u m\u1eabu b\u00ean d\u01b0\u1edbi v\u00e0 nh\u00f3m d\u1ecbch v\u1ee5 kh\u00e1ch h\u00e0ng c\u1ee7a ch\u00fang t\u00f4i s\u1ebd s\u1edbm g\u1eedi cho b\u1ea1n b\u1ea3ng b\u00e1o gi\u00e1 t\u00f9y ch\u1ec9nh.<\/p>\t\t\t\t\t\t\t\t<\/div>\n\t\t\t\t<\/div>\n\t\t\t\t<div class=\"elementor-element elementor-element-ab80d99 elementor-button-align-start elementor-widget elementor-widget-form\" data-id=\"ab80d99\" data-element_type=\"widget\" data-settings=\"{&quot;step_next_label&quot;:&quot;Next&quot;,&quot;step_previous_label&quot;:&quot;Previous&quot;,&quot;button_width&quot;:&quot;100&quot;,&quot;step_type&quot;:&quot;number_text&quot;,&quot;step_icon_shape&quot;:&quot;circle&quot;}\" data-widget_type=\"form.default\">\n\t\t\t\t<div class=\"elementor-widget-container\">\n\t\t\t\t\t\t\t<form class=\"elementor-form\" method=\"post\" name=\"New Form\" aria-label=\"New Form\" action=\"\">\n\t\t\t<input type=\"hidden\" name=\"post_id\" value=\"6968\"\/>\n\t\t\t<input type=\"hidden\" name=\"form_id\" value=\"ab80d99\"\/>\n\t\t\t<input type=\"hidden\" name=\"referer_title\" value=\"Wholesale | The Weeknd Store\" \/>\n\n\t\t\t\t\t\t\t<input type=\"hidden\" name=\"queried_id\" value=\"6968\"\/>\n\t\t\t\n\t\t\t<div class=\"elementor-form-fields-wrapper elementor-labels-above\">\n\t\t\t\t\t\t\t\t<div class=\"elementor-field-type-text elementor-field-group elementor-column elementor-field-group-name elementor-col-60 elementor-field-required elementor-mark-required\">\n\t\t\t\t\t\t\t\t\t\t\t\t<label for=\"form-field-name\" class=\"elementor-field-label\">\n\t\t\t\t\t\t\t\tT\u00ean\t\t\t\t\t\t\t<\/label>\n\t\t\t\t\t\t\t\t\t\t\t\t\t\t<input size=\"1\" type=\"text\" name=\"form_fields[name]\" id=\"form-field-name\" class=\"elementor-field elementor-size-sm  elementor-field-textual\" placeholder=\"T\u00ean\" required=\"required\">\n\t\t\t\t\t\t\t\t\t\t\t<\/div>\n\t\t\t\t\t\t\t\t<div class=\"elementor-field-type-email elementor-field-group elementor-column elementor-field-group-email elementor-col-60 elementor-field-required elementor-mark-required\">\n\t\t\t\t\t\t\t\t\t\t\t\t<label for=\"form-field-email\" class=\"elementor-field-label\">\n\t\t\t\t\t\t\t\tE-mail\t\t\t\t\t\t\t<\/label>\n\t\t\t\t\t\t\t\t\t\t\t\t\t\t<input size=\"1\" type=\"email\" name=\"form_fields[email]\" id=\"form-field-email\" class=\"elementor-field elementor-size-sm  elementor-field-textual\" placeholder=\"E-mail\" required=\"required\">\n\t\t\t\t\t\t\t\t\t\t\t<\/div>\n\t\t\t\t\t\t\t\t<div class=\"elementor-field-type-textarea elementor-field-group elementor-column elementor-field-group-field_3b07773 elementor-col-100 elementor-field-required elementor-mark-required\">\n\t\t\t\t\t\t\t\t\t\t\t\t<label for=\"form-field-field_3b07773\" class=\"elementor-field-label\">\n\t\t\t\t\t\t\t\tT\u00ean m\u1eb7t h\u00e0ng v\u00e0 s\u1ed1 l\u01b0\u1ee3ng\t\t\t\t\t\t\t<\/label>\n\t\t\t\t\t\t<textarea class=\"elementor-field-textual elementor-field  elementor-size-sm\" name=\"form_fields[field_3b07773]\" id=\"form-field-field_3b07773\" rows=\"4\" required=\"required\"><\/textarea>\t\t\t\t<\/div>\n\t\t\t\t\t\t\t\t<div class=\"elementor-field-type-html elementor-field-group elementor-column elementor-field-group-field_16f3501 elementor-col-100\">\n\t\t\t\t\tLi\u1ec7t k\u00ea t\u00ean \/ ti\u00eau \u0111\u1ec1 v\u00e0 s\u1ed1 l\u01b0\u1ee3ng s\u1ea3n ph\u1ea9m b\u1ea1n mu\u1ed1n mua s\u1ed1 l\u01b0\u1ee3ng l\u1edbn\t\t\t\t<\/div>\n\t\t\t\t\t\t\t\t<div class=\"elementor-field-type-radio elementor-field-group elementor-column elementor-field-group-field_156b794 elementor-col-100 elementor-field-required elementor-mark-required\">\n\t\t\t\t\t\t\t\t\t\t\t\t<label for=\"form-field-field_156b794\" class=\"elementor-field-label\">\n\t\t\t\t\t\t\t\tB\u1ea1n c\u00f3 ph\u1ea3i\t\t\t\t\t\t\t<\/label>\n\t\t\t\t\t\t<div class=\"elementor-field-subgroup\"><span class=\"elementor-field-option\"><input type=\"radio\" value=\"An Individual\" id=\"form-field-field_156b794-0\" name=\"form_fields[field_156b794]\" required=\"required\"> <label for=\"form-field-field_156b794-0\">M\u1ed9t c\u00e1 nh\u00e2n<\/label><\/span><span class=\"elementor-field-option\"><input type=\"radio\" value=\"A Company\" id=\"form-field-field_156b794-1\" name=\"form_fields[field_156b794]\" required=\"required\"> <label for=\"form-field-field_156b794-1\">M\u1ed9t c\u00f4ng ty<\/label><\/span><span class=\"elementor-field-option\"><input type=\"radio\" value=\"An Association\" id=\"form-field-field_156b794-2\" name=\"form_fields[field_156b794]\" required=\"required\"> <label for=\"form-field-field_156b794-2\">M\u1ed9t hi\u1ec7p h\u1ed9i<\/label><\/span><span class=\"elementor-field-option\"><input type=\"radio\" value=\"Other\" id=\"form-field-field_156b794-3\" name=\"form_fields[field_156b794]\" required=\"required\"> <label for=\"form-field-field_156b794-3\">Kh\u00e1c<\/label><\/span><\/div>\t\t\t\t<\/div>\n\t\t\t\t\t\t\t\t<div class=\"elementor-field-type-textarea elementor-field-group elementor-column elementor-field-group-message elementor-col-100\">\n\t\t\t\t\t\t\t\t\t\t\t\t<label for=\"form-field-message\" class=\"elementor-field-label\">\n\t\t\t\t\t\t\t\tGhi ch\u00fa b\u1ed5 sung\t\t\t\t\t\t\t<\/label>\n\t\t\t\t\t\t<textarea class=\"elementor-field-textual elementor-field  elementor-size-sm\" name=\"form_fields[message]\" id=\"form-field-message\" rows=\"4\"><\/textarea>\t\t\t\t<\/div>\n\t\t\t\t\t\t\t\t<div class=\"elementor-field-type-recaptcha_v3 elementor-field-group elementor-column elementor-field-group-field_544ec42 elementor-col-100 recaptcha_v3-bottomright\">\n\t\t\t\t\t<div class=\"elementor-field\" id=\"form-field-field_544ec42\"><div class=\"elementor-g-recaptcha\" data-sitekey=\"6Le0_WwbAAAAAMpf0_4h3DdMW4IOy6EaZbmxJ3t-\" data-type=\"v3\" data-action=\"Form\" data-badge=\"bottomright\" data-size=\"invisible\"><\/div><\/div>\t\t\t\t<\/div>\n\t\t\t\t\t\t\t\t<div class=\"elementor-field-group elementor-column elementor-field-type-submit elementor-col-100 e-form__buttons\">\n\t\t\t\t\t<button class=\"elementor-button elementor-size-md\" type=\"submit\">\n\t\t\t\t\t\t<span class=\"elementor-button-content-wrapper\">\n\t\t\t\t\t\t\t\t\t\t\t\t\t\t\t\t\t\t\t\t\t\t<span class=\"elementor-button-text\">N\u1ed9p<\/span>\n\t\t\t\t\t\t\t\t\t\t\t\t\t<\/span>\n\t\t\t\t\t<\/button>\n\t\t\t\t<\/div>\n\t\t\t<\/div>\n\t\t<input type=\"hidden\" name=\"trp-form-language\" value=\"vi\"\/><\/form>\n\t\t\t\t\t\t<\/div>\n\t\t\t\t<\/div>\n\t\t\t\t\t<\/div>\n\t\t<\/div>\n\t\t\t\t\t<\/div>\n\t\t<\/section>\n\t\t\t\t<\/div>","protected":false},"excerpt":{"rendered":"<p>Mua s\u1ec9 \/ s\u1ed1 l\u01b0\u1ee3ng l\u1edbn V\u1eady b\u1ea1n quan t\u00e2m \u0111\u1ebfn s\u1ea3n ph\u1ea9m c\u1ee7a ch\u00fang t\u00f4i v\u00e0 s\u1eb5n s\u00e0ng tr\u1edf th\u00e0nh nh\u00e0 ph\u00e2n ph\u1ed1i? Tuy\u1ec7t qu\u00e1! N\u1ebfu t\u1ed5 ch\u1ee9c, c\u00f4ng ty ho\u1eb7c nh\u00f3m c\u1ee7a b\u1ea1n \u0111ang mu\u1ed1n mua h\u00e0ng t\u1eeb ch\u00fang t\u00f4i v\u1edbi s\u1ed1 l\u01b0\u1ee3ng l\u1edbn, ch\u00fang t\u00f4i s\u1eb5n s\u00e0ng tr\u1ee3 gi\u00fap! T\u1ea5t nhi\u00ean, c\u00e1 nh\u00e2n c\u0169ng c\u00f3 th\u1ec3 mua v\u1edbi s\u1ed1 l\u01b0\u1ee3ng l\u1edbn. Y\u00eau c\u1ea7u \u0111\u1eb7t h\u00e0ng t\u1ed1i thi\u1ec3u MOQ l\u00e0 \u00edt nh\u1ea5t 50 s\u1ea3n ph\u1ea9m \u0111\u1ec3 \u0111\u1ee7 \u0111i\u1ec1u ki\u1ec7n cho [\u2026]<\/p>","protected":false},"author":1,"featured_media":0,"parent":0,"menu_order":0,"comment_status":"closed","ping_status":"closed","template":"template-fullwidth-no-heading.php","meta":{"_acf_changed":false,"footnotes":""},"class_list":null,"acf":[],"_links":{"self":[{"href":"https:\/\/the-weeknd.store\/vi\/wp-json\/wp\/v2\/pages\/6968","targetHints":{"allow":["GET"]}}],"collection":[{"href":"https:\/\/the-weeknd.store\/vi\/wp-json\/wp\/v2\/pages"}],"about":[{"href":"https:\/\/the-weeknd.store\/vi\/wp-json\/wp\/v2\/types\/page"}],"author":[{"embeddable":true,"href":"https:\/\/the-weeknd.store\/vi\/wp-json\/wp\/v2\/users\/1"}],"replies":[{"embeddable":true,"href":"https:\/\/the-weeknd.store\/vi\/wp-json\/wp\/v2\/comments?post=6968"}],"version-history":[{"count":0,"href":"https:\/\/the-weeknd.store\/vi\/wp-json\/wp\/v2\/pages\/6968\/revisions"}],"wp:attachment":[{"href":"https:\/\/the-weeknd.store\/vi\/wp-json\/wp\/v2\/media?parent=6968"}],"curies":[{"name":"wp","href":"https:\/\/api.w.org\/{rel}","templated":true}]}}